{"id":9,"date":"2023-02-26T20:53:31","date_gmt":"2023-02-26T20:53:31","guid":{"rendered":"https:\/\/magiaenzapatillas.com\/?page_id=9"},"modified":"2024-02-20T21:18:32","modified_gmt":"2024-02-20T21:18:32","slug":"inicio","status":"publish","type":"page","link":"https:\/\/magiaenzapatillas.com\/","title":{"rendered":"INICIO"},"content":{"rendered":"\n[et_pb_section fb_built=\u00bb1&#8243; _builder_version=\u00bb4.15.1&#8243; _module_preset=\u00bbdefault\u00bb custom_padding=\u00bb0px||0px||true|false\u00bb global_colors_info=\u00bb{}\u00bb][et_pb_row _builder_version=\u00bb4.15.1&#8243; _module_preset=\u00bbdefault\u00bb custom_padding=\u00bb0px||0px||true|false\u00bb global_colors_info=\u00bb{}\u00bb][et_pb_column type=\u00bb4_4&#8243; _builder_version=\u00bb4.15.1&#8243; _module_preset=\u00bbdefault\u00bb global_colors_info=\u00bb{}\u00bb][et_pb_image src=\u00bbhttps:\/\/magiaenzapatillas.com\/wp-content\/uploads\/2023\/02\/WEB-2023-rojo-vivo-2-scaled.jpg\u00bb src_tablet=\u00bbhttps:\/\/magiaenzapatillas.com\/wp-content\/uploads\/2023\/02\/WEB-2023-rojo-vivo-2-scaled.jpg\u00bb src_phone=\u00bbhttps:\/\/magiaenzapatillas.com\/wp-content\/uploads\/2023\/02\/WEB-movil-1-scaled.jpg\u00bb src_last_edited=\u00bbon|desktop\u00bb _builder_version=\u00bb4.15.1&#8243; _module_preset=\u00bbdefault\u00bb custom_padding=\u00bb0px||0px||true|false\u00bb global_colors_info=\u00bb{}\u00bb][\/et_pb_image][et_pb_text _builder_version=\u00bb4.15.1&#8243; _module_preset=\u00bbdefault\u00bb width=\u00bb58%\u00bb module_alignment=\u00bbcenter\u00bb custom_margin=\u00bb-82px||41px||false|false\u00bb custom_margin_tablet=\u00bb-60px||40px||false|false\u00bb custom_margin_phone=\u00bb-33px||40px||false|false\u00bb custom_margin_last_edited=\u00bbon|desktop\u00bb animation_style=\u00bbslide\u00bb animation_duration=\u00bb600ms\u00bb animation_starting_opacity=\u00bb100%\u00bb header_font_size_tablet=\u00bb\u00bb header_font_size_phone=\u00bb19px\u00bb header_font_size_last_edited=\u00bbon|phone\u00bb header_2_font_size_tablet=\u00bb\u00bb header_2_font_size_phone=\u00bb12px\u00bb header_2_font_size_last_edited=\u00bbon|phone\u00bb global_colors_info=\u00bb{}\u00bb]<h2 style=\"text-align: center;\"><em><strong>Mi nombre es Andoni, soy Mago, y lo que m\u00e1s me gusta es jugar, jugar por jugar&#8230;<\/strong><\/em><\/h2>[\/et_pb_text][\/et_pb_column][\/et_pb_row][et_pb_row _builder_version=\u00bb4.15.1&#8243; _module_preset=\u00bbdefault\u00bb global_colors_info=\u00bb{}\u00bb][et_pb_column type=\u00bb4_4&#8243; _builder_version=\u00bb4.15.1&#8243; _module_preset=\u00bbdefault\u00bb global_colors_info=\u00bb{}\u00bb][et_pb_social_media_follow _builder_version=\u00bb4.15.1&#8243; _module_preset=\u00bbdefault\u00bb text_orientation=\u00bbcenter\u00bb global_colors_info=\u00bb{}\u00bb][et_pb_social_media_follow_network social_network=\u00bbinstagram\u00bb url=\u00bbhttps:\/\/www.instagram.com\/andonienzapatillas\/\u00bb _builder_version=\u00bb4.15.1&#8243; _module_preset=\u00bbdefault\u00bb background_color=\u00bbrgba(0,0,0,0.6)\u00bb background_enable_color=\u00bbon\u00bb global_colors_info=\u00bb{}\u00bb follow_button=\u00bboff\u00bb url_new_window=\u00bbon\u00bb]instagram[\/et_pb_social_media_follow_network][et_pb_social_media_follow_network social_network=\u00bbfacebook\u00bb url=\u00bbhttps:\/\/www.facebook.com\/MagiaEnZapatillas\u00bb _builder_version=\u00bb4.15.1&#8243; _module_preset=\u00bbdefault\u00bb background_color=\u00bbrgba(0,0,0,0.6)\u00bb background_enable_color=\u00bbon\u00bb global_colors_info=\u00bb{}\u00bb follow_button=\u00bboff\u00bb url_new_window=\u00bbon\u00bb]facebook[\/et_pb_social_media_follow_network][et_pb_social_media_follow_network social_network=\u00bbyoutube\u00bb url=\u00bbhttps:\/\/www.youtube.com\/channel\/UC1-1-A-nrvkrIh42j-LwHJg\u00bb _builder_version=\u00bb4.15.1&#8243; _module_preset=\u00bbdefault\u00bb background_color=\u00bbrgba(0,0,0,0.6)\u00bb background_enable_color=\u00bbon\u00bb global_colors_info=\u00bb{}\u00bb follow_button=\u00bboff\u00bb url_new_window=\u00bbon\u00bb]youtube[\/et_pb_social_media_follow_network][\/et_pb_social_media_follow][\/et_pb_column][\/et_pb_row][\/et_pb_section][et_pb_section fb_built=\u00bb1&#8243; custom_padding_last_edited=\u00bbon|phone\u00bb _builder_version=\u00bb4.15.1&#8243; _module_preset=\u00bbdefault\u00bb custom_margin=\u00bb0px||||false|false\u00bb custom_margin_tablet=\u00bb\u00bb custom_margin_phone=\u00bb||0px||false|false\u00bb custom_margin_last_edited=\u00bbon|phone\u00bb custom_padding=\u00bb30px||0px||false|false\u00bb custom_padding_tablet=\u00bb||60px||false|false\u00bb custom_padding_phone=\u00bb||0px||false|false\u00bb global_colors_info=\u00bb{}\u00bb][et_pb_row column_structure=\u00bb1_2,1_2&#8243; _builder_version=\u00bb4.15.1&#8243; _module_preset=\u00bbdefault\u00bb custom_margin=\u00bb0px||0px||false|false\u00bb custom_padding=\u00bb0px||0px||false|false\u00bb global_colors_info=\u00bb{}\u00bb][et_pb_column type=\u00bb1_2&#8243; _builder_version=\u00bb4.15.1&#8243; _module_preset=\u00bbdefault\u00bb global_colors_info=\u00bb{}\u00bb][et_pb_text _builder_version=\u00bb4.15.1&#8243; _module_preset=\u00bbdefault\u00bb custom_margin=\u00bb40px|0px|60px|0px|false|true\u00bb custom_padding=\u00bb0px|0px||0px|false|true\u00bb global_colors_info=\u00bb{}\u00bb]<h1>QUI\u00c9N SOY<\/h1>\n<p>Me llamo Andoni, nac\u00ed en la ciudad de Necochea, al sur de la provincia de Buenos Aires en Argentina. Tengo 36 a\u00f1os y desde hace 19 me dedico profesionalmente a las artes esc\u00e9nicas. Me gustan la magia, la m\u00fasica, el circo, la danza y muchas disciplinas art\u00edsticas en las que he incursionado a lo largo de mi vida.<\/p>\n<p>Mis inicios como mago fueron en la \u201cGran escuela de magia de Ana Tamariz\u201d en Madrid en el a\u00f1o 2004. Luego continu\u00e9 mi formaci\u00f3n en Argentina, donde en el a\u00f1o 2008 ingres\u00e9 al \u201cCentro M\u00e1gico Platense\u201d, cuna de grandes magos. Particip\u00e9 tambi\u00e9n de muchos congresos y encuentros de magia en diferentes puntos del pa\u00eds. Paralelamente estudi\u00e9 m\u00fasica popular en la facultad de Bellas Artes.<\/p>\n<p style=\"text-align: justify;\">La magia es un juego asombroso y maravilloso, y a m\u00ed lo que m\u00e1s me gusta es jugar, jugar por jugar. Mi objetivo es compartir todo esto con quienes se crucen en mi camino. Creo en la risa como una herramienta revolucionaria y transformadora.<\/p>[\/et_pb_text][\/et_pb_column][et_pb_column type=\u00bb1_2&#8243; _builder_version=\u00bb4.15.1&#8243; _module_preset=\u00bbdefault\u00bb global_colors_info=\u00bb{}\u00bb][et_pb_image src=\u00bbhttps:\/\/magiaenzapatillas.com\/wp-content\/uploads\/2023\/02\/Zapa-hombro-web-2.jpg\u00bb _builder_version=\u00bb4.15.1&#8243; _module_preset=\u00bbdefault\u00bb width=\u00bb100%\u00bb max_width=\u00bb100%\u00bb module_alignment=\u00bbcenter\u00bb custom_margin=\u00bb98px||||false|false\u00bb custom_margin_tablet=\u00bb98px||||false|false\u00bb custom_margin_phone=\u00bb-20px||||false|false\u00bb custom_margin_last_edited=\u00bbon|phone\u00bb custom_padding=\u00bb0px|||0px|false|false\u00bb global_colors_info=\u00bb{}\u00bb][\/et_pb_image][\/et_pb_column][\/et_pb_row][\/et_pb_section]\n","protected":false},"excerpt":{"rendered":"<p>Mi nombre es Andoni, soy Mago, y lo que m\u00e1s me gusta es jugar, jugar por jugar&#8230;instagramfacebookyoutubeQUI\u00c9N SOY Me llamo Andoni, nac\u00ed en la ciudad de Necochea, al sur de la provincia de Buenos Aires en Argentina. Tengo 36 a\u00f1os y desde hace 19 me dedico profesionalmente a las artes esc\u00e9nicas. Me gustan la magia, [&hellip;]<\/p>\n","protected":false},"author":1,"featured_media":0,"parent":0,"menu_order":0,"comment_status":"closed","ping_status":"closed","template":"","meta":{"_et_pb_use_builder":"on","_et_pb_old_content":"<!-- wp:divi\/placeholder \/-->","_et_gb_content_width":"","footnotes":""},"yoast_head":"<!-- This site is optimized with the Yoast SEO plugin v20.2 - https:\/\/yoast.com\/wordpress\/plugins\/seo\/ -->\n<title>INICIO - Magia en Zapatillas<\/title>\n<meta name=\"description\" content=\"Mi nombre es Andoni, soy Mago y lo que m\u00e1s me gusta es jugar, jugar por jugar...\" \/>\n<meta name=\"robots\" content=\"index, follow, max-snippet:-1, max-image-preview:large, max-video-preview:-1\" \/>\n<link rel=\"canonical\" href=\"https:\/\/magiaenzapatillas.com\/\" \/>\n<meta property=\"og:locale\" content=\"es_ES\" \/>\n<meta property=\"og:type\" content=\"article\" \/>\n<meta property=\"og:title\" content=\"INICIO - Magia en Zapatillas\" \/>\n<meta property=\"og:description\" content=\"Mi nombre es Andoni, soy Mago y lo que m\u00e1s me gusta es jugar, jugar por jugar...\" \/>\n<meta property=\"og:url\" content=\"https:\/\/magiaenzapatillas.com\/\" \/>\n<meta property=\"og:site_name\" content=\"Magia en Zapatillas\" \/>\n<meta property=\"article:modified_time\" content=\"2024-02-20T21:18:32+00:00\" \/>\n<meta name=\"twitter:card\" content=\"summary_large_image\" \/>\n<meta name=\"twitter:label1\" content=\"Tiempo de lectura\" \/>\n\t<meta name=\"twitter:data1\" content=\"2 minutos\" \/>\n<script type=\"application\/ld+json\" class=\"yoast-schema-graph\">{\"@context\":\"https:\/\/schema.org\",\"@graph\":[{\"@type\":\"WebPage\",\"@id\":\"https:\/\/magiaenzapatillas.com\/\",\"url\":\"https:\/\/magiaenzapatillas.com\/\",\"name\":\"INICIO - Magia en Zapatillas\",\"isPartOf\":{\"@id\":\"https:\/\/magiaenzapatillas.com\/#website\"},\"datePublished\":\"2023-02-26T20:53:31+00:00\",\"dateModified\":\"2024-02-20T21:18:32+00:00\",\"description\":\"Mi nombre es Andoni, soy Mago y lo que m\u00e1s me gusta es jugar, jugar por jugar...\",\"breadcrumb\":{\"@id\":\"https:\/\/magiaenzapatillas.com\/#breadcrumb\"},\"inLanguage\":\"es\",\"potentialAction\":[{\"@type\":\"ReadAction\",\"target\":[\"https:\/\/magiaenzapatillas.com\/\"]}]},{\"@type\":\"BreadcrumbList\",\"@id\":\"https:\/\/magiaenzapatillas.com\/#breadcrumb\",\"itemListElement\":[{\"@type\":\"ListItem\",\"position\":1,\"name\":\"Portada\",\"item\":\"https:\/\/magiaenzapatillas.com\/\"},{\"@type\":\"ListItem\",\"position\":2,\"name\":\"INICIO\"}]},{\"@type\":\"WebSite\",\"@id\":\"https:\/\/magiaenzapatillas.com\/#website\",\"url\":\"https:\/\/magiaenzapatillas.com\/\",\"name\":\"Magia en Zapatillas\",\"description\":\"Mi nombre es Andoni, soy Mago y lo que m\u00e1s me gusta es jugar, jugar por jugar...\",\"potentialAction\":[{\"@type\":\"SearchAction\",\"target\":{\"@type\":\"EntryPoint\",\"urlTemplate\":\"https:\/\/magiaenzapatillas.com\/?s={search_term_string}\"},\"query-input\":\"required name=search_term_string\"}],\"inLanguage\":\"es\"}]}<\/script>\n<!-- \/ Yoast SEO plugin. -->","yoast_head_json":{"title":"INICIO - Magia en Zapatillas","description":"Mi nombre es Andoni, soy Mago y lo que m\u00e1s me gusta es jugar, jugar por jugar...","robots":{"index":"index","follow":"follow","max-snippet":"max-snippet:-1","max-image-preview":"max-image-preview:large","max-video-preview":"max-video-preview:-1"},"canonical":"https:\/\/magiaenzapatillas.com\/","og_locale":"es_ES","og_type":"article","og_title":"INICIO - Magia en Zapatillas","og_description":"Mi nombre es Andoni, soy Mago y lo que m\u00e1s me gusta es jugar, jugar por jugar...","og_url":"https:\/\/magiaenzapatillas.com\/","og_site_name":"Magia en Zapatillas","article_modified_time":"2024-02-20T21:18:32+00:00","twitter_card":"summary_large_image","twitter_misc":{"Tiempo de lectura":"2 minutos"},"schema":{"@context":"https:\/\/schema.org","@graph":[{"@type":"WebPage","@id":"https:\/\/magiaenzapatillas.com\/","url":"https:\/\/magiaenzapatillas.com\/","name":"INICIO - Magia en Zapatillas","isPartOf":{"@id":"https:\/\/magiaenzapatillas.com\/#website"},"datePublished":"2023-02-26T20:53:31+00:00","dateModified":"2024-02-20T21:18:32+00:00","description":"Mi nombre es Andoni, soy Mago y lo que m\u00e1s me gusta es jugar, jugar por jugar...","breadcrumb":{"@id":"https:\/\/magiaenzapatillas.com\/#breadcrumb"},"inLanguage":"es","potentialAction":[{"@type":"ReadAction","target":["https:\/\/magiaenzapatillas.com\/"]}]},{"@type":"BreadcrumbList","@id":"https:\/\/magiaenzapatillas.com\/#breadcrumb","itemListElement":[{"@type":"ListItem","position":1,"name":"Portada","item":"https:\/\/magiaenzapatillas.com\/"},{"@type":"ListItem","position":2,"name":"INICIO"}]},{"@type":"WebSite","@id":"https:\/\/magiaenzapatillas.com\/#website","url":"https:\/\/magiaenzapatillas.com\/","name":"Magia en Zapatillas","description":"Mi nombre es Andoni, soy Mago y lo que m\u00e1s me gusta es jugar, jugar por jugar...","potentialAction":[{"@type":"SearchAction","target":{"@type":"EntryPoint","urlTemplate":"https:\/\/magiaenzapatillas.com\/?s={search_term_string}"},"query-input":"required name=search_term_string"}],"inLanguage":"es"}]}},"_links":{"self":[{"href":"https:\/\/magiaenzapatillas.com\/index.php?rest_route=\/wp\/v2\/pages\/9"}],"collection":[{"href":"https:\/\/magiaenzapatillas.com\/index.php?rest_route=\/wp\/v2\/pages"}],"about":[{"href":"https:\/\/magiaenzapatillas.com\/index.php?rest_route=\/wp\/v2\/types\/page"}],"author":[{"embeddable":true,"href":"https:\/\/magiaenzapatillas.com\/index.php?rest_route=\/wp\/v2\/users\/1"}],"replies":[{"embeddable":true,"href":"https:\/\/magiaenzapatillas.com\/index.php?rest_route=%2Fwp%2Fv2%2Fcomments&post=9"}],"version-history":[{"count":40,"href":"https:\/\/magiaenzapatillas.com\/index.php?rest_route=\/wp\/v2\/pages\/9\/revisions"}],"predecessor-version":[{"id":495,"href":"https:\/\/magiaenzapatillas.com\/index.php?rest_route=\/wp\/v2\/pages\/9\/revisions\/495"}],"wp:attachment":[{"href":"https:\/\/magiaenzapatillas.com\/index.php?rest_route=%2Fwp%2Fv2%2Fmedia&parent=9"}],"curies":[{"name":"wp","href":"https:\/\/api.w.org\/{rel}","templated":true}]}}